{"id":42,"date":"2026-03-02T09:59:08","date_gmt":"2026-03-02T09:59:08","guid":{"rendered":"http:\/\/budgettjekket.dk\/?page_id=42"},"modified":"2026-04-06T10:25:33","modified_gmt":"2026-04-06T08:25:33","slug":"produkter-og-priser","status":"publish","type":"page","link":"https:\/\/budgettjekket.dk\/index.php\/produkter-og-priser\/","title":{"rendered":"Produkter og Priser"},"content":{"rendered":"\n<p class=\"has-text-align-center has-medium-font-size\">Du\/I kan v\u00e6lge mellem to pakkel\u00f8sninger &#8211; BudgetTjekket eller BudgetV\u00e6rkstedet.<\/p>\n\n\n\n<div class=\"wp-block-columns is-layout-flex wp-container-core-columns-is-layout-28f84493 wp-block-columns-is-layout-flex\">\n<div class=\"wp-block-column is-layout-flow wp-block-column-is-layout-flow\">\n<p class=\"has-text-align-center is-style-text-annotation has-text-color has-link-color has-x-large-font-size wp-elements-8e2829685db07d69335f5f2ccb8ad9ab is-style-text-annotation--1\" style=\"border-width:3px;color:#4136a1\"><strong>BudgetTjekket<\/strong> &#8211; Anbefalet til studerende<\/p>\n\n\n\n<p class=\"has-text-align-center is-style-default has-large-font-size\">Du\/I udfylder et individualiseret sp\u00f8rgeskema, som jeg bruger til at udarbejde et budget til dig\/jer. Vi afholder derefter et m\u00f8de, hvor vi gennemg\u00e5r resultaterne og mine anbefalinger for fremtidigt budget.<\/p>\n<\/div>\n\n\n\n<div class=\"wp-block-column is-layout-flow wp-block-column-is-layout-flow\">\n<p class=\"has-text-align-center is-style-text-annotation has-text-color has-link-color has-x-large-font-size wp-elements-298bfc3b0c4d81d18b28a29661ab155e is-style-text-annotation--2\" style=\"border-width:3px;color:#4136a1\"><strong>BudgetV\u00e6rkstedet<\/strong> &#8211; Anbefalet til b\u00f8rnefamilier<\/p>\n\n\n\n<p class=\"has-text-align-center is-style-default has-large-font-size\">Som med BudgetTjekket udfyldes et individualiseret sp\u00f8rgeskema, og jeg udarbejder et budget. Vi gennemg\u00e5r resultaterne og jeg hj\u00e6lper med praktisk implementering af l\u00f8sningerne. Vi afholder et opf\u00f8lgende m\u00f8de 1 m\u00e5ned senere med evaluering af l\u00f8sningerne og evt. rettelser af budgettet.<\/p>\n<\/div>\n<\/div>\n\n\n\n<p class=\"has-large-font-size\">Priser:<\/p>\n\n\n\n<figure class=\"wp-block-table has-small-font-size\"><table class=\"has-background\" style=\"background-color:#eff4f4;border-width:3px\"><tbody><tr><td><strong>Pakkel\u00f8sninger<\/strong><\/td><td><strong>Antal indkomster i husstanden<\/strong><\/td><td><strong>Almindelig pris<\/strong><\/td><td><strong>Reduceret pris for studerende*<\/strong><\/td><td><strong>Reduceret pris for b\u00f8rnefamilier*<\/strong><\/td><\/tr><tr><td><strong>BudgetTjekket<\/strong><\/td><td>1 indkomst<\/td><td>250 kr.<\/td><td>150 kr.<\/td><td>150 kr.<\/td><\/tr><tr><td><\/td><td>2 indkomster<\/td><td>400 kr.<\/td><td>250 kr.<\/td><td>250 kr.<\/td><\/tr><tr><td><strong>BudgetV\u00e6rkstedet<\/strong><\/td><td>1 indkomst<\/td><td>500 kr.<\/td><td>300 kr.<\/td><td>300 kr.<\/td><\/tr><tr><td><\/td><td>2 indkomster<\/td><td>650 kr.<\/td><td>400 kr.<\/td><td>400 kr.<\/td><\/tr><\/tbody><\/table><\/figure>\n\n\n\n<p class=\"has-small-font-size\">*reduceret pris til studerende eller b\u00f8rnefamilier med en samlet husstandsindt\u00e6gt p\u00e5 under 30.000 kr. pr. m\u00e5ned efter skat<\/p>\n\n\n\n<p class=\"has-large-font-size\">Tilk\u00f8b:<\/p>\n\n\n\n<figure class=\"wp-block-table has-small-font-size\"><table class=\"has-background has-fixed-layout\" style=\"background-color:#eff4f4;border-width:3px\"><tbody><tr><td><strong>Tilk\u00f8bspakke<\/strong><\/td><td><strong>Almindelig pris<\/strong><\/td><td><strong>Reduceret pris for studerende\/b\u00f8rnefamilier*<\/strong><\/td><\/tr><tr><td><strong>Udspecificeret \u00e5rsbudget<\/strong><\/td><td>150 kr.<\/td><td>100 kr.<\/td><\/tr><tr><td><strong>Anden r\u00e5dgivning (timepris)<\/strong><\/td><td>200 kr.<\/td><td>200 kr.<\/td><\/tr><\/tbody><\/table><\/figure>\n\n\n\n<p class=\"has-small-font-size\">*reduceret pris til studerende eller b\u00f8rnefamilier med en samlet husstandsindt\u00e6gt p\u00e5 under 30.000 kr. pr. m\u00e5ned efter skat<\/p>\n","protected":false},"excerpt":{"rendered":"<p>Du\/I kan v\u00e6lge mellem to pakkel\u00f8sninger &#8211; BudgetTjekket eller BudgetV\u00e6rkstedet. BudgetTjekket &#8211; Anbefalet til studerende Du\/I udfylder et individualiseret sp\u00f8rgeskema, som jeg bruger til at udarbejde et budget til dig\/jer. Vi afholder derefter et m\u00f8de, hvor vi gennemg\u00e5r resultaterne og mine anbefalinger for fremtidigt budget. BudgetV\u00e6rkstedet &#8211; Anbefalet til b\u00f8rnefamilier Som med BudgetTjekket udfyldes et [&hellip;]<\/p>\n","protected":false},"author":1,"featured_media":0,"parent":0,"menu_order":0,"comment_status":"closed","ping_status":"closed","template":"","meta":{"footnotes":""},"class_list":["post-42","page","type-page","status-publish","hentry"],"_links":{"self":[{"href":"https:\/\/budgettjekket.dk\/index.php\/wp-json\/wp\/v2\/pages\/42","targetHints":{"allow":["GET"]}}],"collection":[{"href":"https:\/\/budgettjekket.dk\/index.php\/wp-json\/wp\/v2\/pages"}],"about":[{"href":"https:\/\/budgettjekket.dk\/index.php\/wp-json\/wp\/v2\/types\/page"}],"author":[{"embeddable":true,"href":"https:\/\/budgettjekket.dk\/index.php\/wp-json\/wp\/v2\/users\/1"}],"replies":[{"embeddable":true,"href":"https:\/\/budgettjekket.dk\/index.php\/wp-json\/wp\/v2\/comments?post=42"}],"version-history":[{"count":16,"href":"https:\/\/budgettjekket.dk\/index.php\/wp-json\/wp\/v2\/pages\/42\/revisions"}],"predecessor-version":[{"id":89,"href":"https:\/\/budgettjekket.dk\/index.php\/wp-json\/wp\/v2\/pages\/42\/revisions\/89"}],"wp:attachment":[{"href":"https:\/\/budgettjekket.dk\/index.php\/wp-json\/wp\/v2\/media?parent=42"}],"curies":[{"name":"wp","href":"https:\/\/api.w.org\/{rel}","templated":true}]}}