{"id":2,"date":"2026-02-27T13:58:26","date_gmt":"2026-02-27T13:58:26","guid":{"rendered":"http:\/\/budgettjekket.dk\/?page_id=2"},"modified":"2026-03-02T09:24:48","modified_gmt":"2026-03-02T09:24:48","slug":"sample-page","status":"publish","type":"page","link":"https:\/\/budgettjekket.dk\/index.php\/sample-page\/","title":{"rendered":"Kontakt"},"content":{"rendered":"\n<p>For at f\u00e5 lagt et budget kan du skrive en mail til mig p\u00e5:<\/p>\n\n\n\n<p>E-mail: leapj@budgettjekket.dk<\/p>\n\n\n\n<p>Skriv gerne lidt om: Hvor mange du\/I er i husstanden, om du\/I har b\u00f8rn, job\/studerende, og et telefonnummer jeg kan kontakte dig p\u00e5, s\u00e5 vi kan aftale videre forl\u00f8b (evt. med et tidsrum hvor det passer dig, at jeg ringer).<\/p>\n\n\n\n<p>Jeg opdaterer siden l\u00f8bende, s\u00e5 du ogs\u00e5 vil kunne kontakte mig p\u00e5 Facebook og Instagram<\/p>\n\n\n\n<p><\/p>\n","protected":false},"excerpt":{"rendered":"<p>For at f\u00e5 lagt et budget kan du skrive en mail til mig p\u00e5: E-mail: leapj@budgettjekket.dk Skriv gerne lidt om: Hvor mange du\/I er i husstanden, om du\/I har b\u00f8rn, job\/studerende, og et telefonnummer jeg kan kontakte dig p\u00e5, s\u00e5 vi kan aftale videre forl\u00f8b (evt. med et tidsrum hvor det passer dig, at jeg [&hellip;]<\/p>\n","protected":false},"author":1,"featured_media":0,"parent":0,"menu_order":0,"comment_status":"closed","ping_status":"open","template":"","meta":{"footnotes":""},"class_list":["post-2","page","type-page","status-publish","hentry"],"_links":{"self":[{"href":"https:\/\/budgettjekket.dk\/index.php\/wp-json\/wp\/v2\/pages\/2","targetHints":{"allow":["GET"]}}],"collection":[{"href":"https:\/\/budgettjekket.dk\/index.php\/wp-json\/wp\/v2\/pages"}],"about":[{"href":"https:\/\/budgettjekket.dk\/index.php\/wp-json\/wp\/v2\/types\/page"}],"author":[{"embeddable":true,"href":"https:\/\/budgettjekket.dk\/index.php\/wp-json\/wp\/v2\/users\/1"}],"replies":[{"embeddable":true,"href":"https:\/\/budgettjekket.dk\/index.php\/wp-json\/wp\/v2\/comments?post=2"}],"version-history":[{"count":3,"href":"https:\/\/budgettjekket.dk\/index.php\/wp-json\/wp\/v2\/pages\/2\/revisions"}],"predecessor-version":[{"id":36,"href":"https:\/\/budgettjekket.dk\/index.php\/wp-json\/wp\/v2\/pages\/2\/revisions\/36"}],"wp:attachment":[{"href":"https:\/\/budgettjekket.dk\/index.php\/wp-json\/wp\/v2\/media?parent=2"}],"curies":[{"name":"wp","href":"https:\/\/api.w.org\/{rel}","templated":true}]}}